{"id":449,"date":"2024-08-13T10:25:41","date_gmt":"2024-08-13T08:25:50","guid":{"rendered":"https:\/\/www.aixtronic.net\/?page_id=449"},"modified":"2025-05-12T18:27:41","modified_gmt":"2025-05-12T16:27:41","slug":"impressum","status":"publish","type":"page","link":"https:\/\/www.aixtronic.net\/de\/impressum\/","title":{"rendered":"Impressum"},"content":{"rendered":"\n<h2 class=\"wp-block-heading\">aiXtrusion GmbH<\/h2>\n\n\n\n<h4 class=\"wp-block-heading\">Gesch\u00e4ftsf\u00fchrer<\/h4>\n\n\n\n<p>Dipl.-Ing. Dipl.-Wirt.-Ing. Axel Schl\u00fcter<br>Dr.-Ing. Marcus Schl\u00fcter<\/p>\n\n\n\n<p>Amtsgericht Arnsberg, HRB 9457<br>USt-IDNr.: <\/p>\n\n\n\n<hr class=\"wp-block-separator has-alpha-channel-opacity is-style-wide\"\/>\n\n\n\n<h4 class=\"wp-block-heading\">Copyright<\/h4>\n\n\n\n<p>Der Inhalt dieser Website ist urheberrechtlich gesch\u00fctzt.\u00a0<strong><em>aiXtronic<\/em><\/strong>\u00a0GmbH gew\u00e4hrt Ihnen jedoch das Recht, den auf dieser Website bereitgestellten Text ganz oder ausschnittsweise zu speichern und zu vervielf\u00e4ltigen. Aus Gr\u00fcnden des Urheberrechts ist allerdings die Speicherung und Vervielf\u00e4ltigung von Bildmaterial oder Grafiken aus dieser Website nicht gestattet.<\/p>\n\n\n\n<hr class=\"wp-block-separator has-alpha-channel-opacity is-style-wide\"\/>\n\n\n\n<h4 class=\"wp-block-heading\">Verantwortlich<\/h4>\n\n\n\n<p>Dr.-Ing. Marcus Schl\u00fcter&nbsp;<\/p>\n\n\n\n<hr class=\"wp-block-separator has-alpha-channel-opacity is-style-wide\"\/>\n\n\n\n<h4 class=\"wp-block-heading\">Haftungshinweis<\/h4>\n\n\n\n<p>Das Unternehmen bem\u00fcht sich nach bestem Verm\u00f6gen daf\u00fcr Sorge zu tragen, dass die auf dieser Website enthaltenen Informationen und Daten zutreffend sind. Eine Haftung oder Garantie f\u00fcr die Aktualit\u00e4t, Richtigkeit und Vollst\u00e4ndigkeit der zur Verf\u00fcgung gestellten Informationen und Daten ist jedoch ausgeschlossen. Dies gilt ebenso f\u00fcr alle anderen Websites, auf die mittels Hyperlinks verwiesen wird. Das Unternehmen ist f\u00fcr den Inhalt von Websites, die mittels einer solchen Verbindung erreicht werden, ebenfalls nicht verantwortlich. Das Unternehmen beh\u00e4lt sich vor, ohne Ank\u00fcndigung, \u00c4nderungen oder Erg\u00e4nzungen der bereitgestellten Informationen oder Daten vorzunehmen.<\/p>\n\n\n\n<p>S\u00e4mtliche Informationen oder Daten, ihre Nutzung und die Anmeldung zur Website sowie s\u00e4mtliches mit der Website zusammenh\u00e4ngendes Tun, Dulden oder Unterlassen unterliegen ausschlie\u00dflich deutschem Recht.<\/p>\n\n\n\n<hr class=\"wp-block-separator has-alpha-channel-opacity is-style-wide\"\/>\n\n\n\n<div id=\"c1262\" class=\"m-b-3\">\n  <div id=\"c1049\" class=\"m-b-2\">\n    <div class=\"row\">\n      <div class=\"col-xl-3 col-lg-1\">\n        <div class=\"\">\n        <\/div>\n      <\/div>\n      <div class=\"col-xl-3 col-lg-4 col-md-5 col-sm-12 col-xs-12\">\n        <div class=\"\">\n          <div id=\"c1050\" class=\"m-b-1\">\n            <h4>Standort Arnsberg<\/h4>\n            <div class=\"ce-textpic ce-left ce-above\">\n              <div class=\"ce-bodytext\">\n                <table style=\"width: 502.667px; \" class=\"contenttable\">\n                  <tbody>\n                    <tr>\n                      <td style=\"width: 251.333px; \">Vo\u00dfwinkeler Stra\u00dfe 19&nbsp;<br>59757 Arnsberg&nbsp;<br>Tel.: +49\n                        2932 8055 100&nbsp;<br>Fax: +49 2932 8055 123&nbsp;<br>E-Mail:&nbsp;<a\n                          href=\"javascript:linkTo_UnCryptMailto('kygjrm8gldmYygvrpsqgml,bc');\"><i class=\"fa\"><\/i>info\n                          <script type=\"text\/javascript\"> obscureAddMid() <\/script>@aixtronic\n                          <script type=\"text\/javascript\"> obscureAddEnd() <\/script>.eu\n                        <\/a>&nbsp;<\/td>\n                      <td style=\"vertical-align: top; \"><\/td>\n                    <\/tr>\n                  <\/tbody>\n                <\/table>\n              <\/div>\n            <\/div>\n          <\/div>\n        <\/div>\n      <\/div>\n    <\/div>\n  <\/div>\n  <div id=\"c1043\" class=\"m-b-3\">\n    <div class=\"row\">\n      <div class=\"col-xl-3 col-lg-1\">\n        <div class=\"\">\n        <\/div>\n      <\/div>\n      <div class=\"col-xl-3 col-lg-3 col-md-5 col-sm-12 col-xs-12\">\n        <div class=\"\">\n          <div id=\"c1569\" class=\"\">\n            <div class=\"ce-textpic ce-left ce-above\">\n              <div class=\"\">\n                <div class=\"row\">\n                  <div class=\" col-xs-12 col-sm-12 col-md-12 col-lg-12 col-xl-12 \">\n                    <div class=\"ce-media\">\n                      <picture alt=\"aiXtrusion_08.png\">\n                        <img decoding=\"async\" src=\"\/wp-content\/uploads\/2024\/08\/aiXtrusion_08.webp\" alt=\"aiXtrusion_08.png  \" title=\"\"\n                          class=\"img-fluid m-b-1  \">\n                      <\/picture>\n                    <\/div>\n                  <\/div>\n                <\/div>\n              <\/div>\n              <div class=\"ce-bodytext\">\n              <\/div>\n            <\/div>\n          <\/div>\n        <\/div>\n      <\/div>\n      <div class=\"clearfix hidden-sm-up\"><\/div>\n      <div class=\"hidden-xs-down clearfix hidden-md-up\"><\/div>\n      <div class=\"col-xl-6 col-lg-6 col-md-7 col-sm-12 col-xs-12\">\n        <div class=\"\">\n          <div id=\"c1045\" class=\"\">\n            <h4>Ansprechpartner bei aiXtrusion<\/h4>\n            <div class=\"ce-textpic ce-left ce-above\">\n              <div class=\"ce-bodytext\">\n                <p>Rainer Maffei <br>Tel.: +49 2932 8055 111<br>E-Mail: <a\n                    href=\"javascript:linkTo_UnCryptMailto('kygjrm8p,kyddcgYygvrpsqgml,bc');\" class=\"mail\"><i\n                      class=\"fa\"><\/i>r.maffei<span style=\"text-decoration: none\">@aixtronic.eu<\/span><\/a> <\/p>\n              <\/div>\n            <\/div>\n          <\/div>\n        <\/div>\n      <\/div>\n    <\/div>\n  <\/div>\n<\/div>\n\n\n\n<p><\/p>\n","protected":false},"excerpt":{"rendered":"<p>aiXtrusion GmbH Gesch\u00e4ftsf\u00fchrer Dipl.-Ing. Dipl.-Wirt.-Ing. Axel Schl\u00fcterDr.-Ing. Marcus Schl\u00fcter Amtsgericht Arnsberg, HRB 9457USt-IDNr.: Copyright Der Inhalt dieser Website ist urheberrechtlich gesch\u00fctzt.\u00a0aiXtronic\u00a0GmbH gew\u00e4hrt Ihnen jedoch das Recht, den auf dieser Website bereitgestellten Text ganz oder ausschnittsweise zu speichern und zu vervielf\u00e4ltigen. Aus Gr\u00fcnden des Urheberrechts ist allerdings die Speicherung und Vervielf\u00e4ltigung von Bildmaterial oder Grafiken aus [&hellip;]<\/p>\n","protected":false},"author":1,"featured_media":0,"parent":0,"menu_order":2,"comment_status":"closed","ping_status":"closed","template":"page-without-header","meta":{"footnotes":"","_links_to":"","_links_to_target":""},"class_list":["post-449","page","type-page","status-publish","hentry"],"_links":{"self":[{"href":"https:\/\/www.aixtronic.net\/de\/wp-json\/wp\/v2\/pages\/449","targetHints":{"allow":["GET"]}}],"collection":[{"href":"https:\/\/www.aixtronic.net\/de\/wp-json\/wp\/v2\/pages"}],"about":[{"href":"https:\/\/www.aixtronic.net\/de\/wp-json\/wp\/v2\/types\/page"}],"author":[{"embeddable":true,"href":"https:\/\/www.aixtronic.net\/de\/wp-json\/wp\/v2\/users\/1"}],"replies":[{"embeddable":true,"href":"https:\/\/www.aixtronic.net\/de\/wp-json\/wp\/v2\/comments?post=449"}],"version-history":[{"count":7,"href":"https:\/\/www.aixtronic.net\/de\/wp-json\/wp\/v2\/pages\/449\/revisions"}],"predecessor-version":[{"id":736,"href":"https:\/\/www.aixtronic.net\/de\/wp-json\/wp\/v2\/pages\/449\/revisions\/736"}],"wp:attachment":[{"href":"https:\/\/www.aixtronic.net\/de\/wp-json\/wp\/v2\/media?parent=449"}],"curies":[{"name":"wp","href":"https:\/\/api.w.org\/{rel}","templated":true}]}}